{"id":61,"date":"2020-01-23T18:21:52","date_gmt":"2020-01-23T18:21:52","guid":{"rendered":"https:\/\/demosites.io\/web-agency-gb\/?page_id=61"},"modified":"2024-05-09T19:54:09","modified_gmt":"2024-05-09T19:54:09","slug":"biyografi","status":"publish","type":"page","link":"https:\/\/volkanakkoc.com\/en\/biyografi\/","title":{"rendered":"Biography"},"content":{"rendered":"<div class=\"wpb-content-wrapper\"><div class=\"vc_row wpb_row vc_row-fluid\"><div class=\"wpb_column vc_column_container vc_col-sm-8\"><div class=\"vc_column-inner\"><div class=\"wpb_wrapper\"><div class=\"vc_empty_space\"   style=\"height: 32px\"><span class=\"vc_empty_space_inner\"><\/span><\/div><div class=\"vc_row wpb_row vc_inner vc_row-fluid\"><div class=\"wpb_column vc_column_container vc_col-sm-6\"><div class=\"vc_column-inner\"><div class=\"wpb_wrapper\"><div class=\"wpb_images_carousel wpb_content_element vc_clearfix\"><div class=\"wpb_wrapper\"><div id=\"vc_images-carousel-1-1776515991\" data-ride=\"vc_carousel\" data-wrap=\"false\" style=\"width: 300px;\" data-interval=\"5000\" data-auto-height=\"yes\" data-mode=\"horizontal\" data-partial=\"false\" data-per-view=\"1\" data-hide-on-end=\"false\" class=\"vc_slide vc_images_carousel\"><ol class=\"vc_carousel-indicators\"><li data-target=\"#vc_images-carousel-1-1776515991\" data-slide-to=\"0\"><\/li><li data-target=\"#vc_images-carousel-1-1776515991\" data-slide-to=\"1\"><\/li><li data-target=\"#vc_images-carousel-1-1776515991\" data-slide-to=\"2\"><\/li><li data-target=\"#vc_images-carousel-1-1776515991\" data-slide-to=\"3\"><\/li><li data-target=\"#vc_images-carousel-1-1776515991\" data-slide-to=\"4\"><\/li><li data-target=\"#vc_images-carousel-1-1776515991\" data-slide-to=\"5\"><\/li><li data-target=\"#vc_images-carousel-1-1776515991\" data-slide-to=\"6\"><\/li><li data-target=\"#vc_images-carousel-1-1776515991\" data-slide-to=\"7\"><\/li><\/ol><div class=\"vc_carousel-inner\"><div class=\"vc_carousel-slideline\"><div class=\"vc_carousel-slideline-inner\"><div class=\"vc_item\"><div class=\"vc_inner\"><img decoding=\"async\" class=\"\" src=\"https:\/\/volkanakkoc.com\/wp-content\/uploads\/2024\/05\/1-300x460.png\" width=\"300\" height=\"460\" alt=\"1\" title=\"1\" loading=\"lazy\" \/><\/div><\/div><div class=\"vc_item\"><div class=\"vc_inner\"><img decoding=\"async\" class=\"\" src=\"https:\/\/volkanakkoc.com\/wp-content\/uploads\/2024\/05\/2-300x460.png\" width=\"300\" height=\"460\" alt=\"2\" title=\"2\" loading=\"lazy\" \/><\/div><\/div><div class=\"vc_item\"><div class=\"vc_inner\"><img decoding=\"async\" class=\"\" src=\"https:\/\/volkanakkoc.com\/wp-content\/uploads\/2024\/05\/3-300x460.png\" width=\"300\" height=\"460\" alt=\"3\" title=\"3\" loading=\"lazy\" \/><\/div><\/div><div class=\"vc_item\"><div class=\"vc_inner\"><img decoding=\"async\" class=\"\" src=\"https:\/\/volkanakkoc.com\/wp-content\/uploads\/2024\/05\/4-300x460.png\" width=\"300\" height=\"460\" alt=\"4\" title=\"4\" loading=\"lazy\" \/><\/div><\/div><div class=\"vc_item\"><div class=\"vc_inner\"><img decoding=\"async\" class=\"\" src=\"https:\/\/volkanakkoc.com\/wp-content\/uploads\/2024\/05\/5-300x460.png\" width=\"300\" height=\"460\" alt=\"5\" title=\"5\" loading=\"lazy\" \/><\/div><\/div><div class=\"vc_item\"><div class=\"vc_inner\"><img decoding=\"async\" class=\"\" src=\"https:\/\/volkanakkoc.com\/wp-content\/uploads\/2024\/05\/6-300x460.png\" width=\"300\" height=\"460\" alt=\"6\" title=\"6\" loading=\"lazy\" \/><\/div><\/div><div class=\"vc_item\"><div class=\"vc_inner\"><img decoding=\"async\" class=\"\" src=\"https:\/\/volkanakkoc.com\/wp-content\/uploads\/2024\/05\/7-300x460.png\" width=\"300\" height=\"460\" alt=\"7\" title=\"7\" loading=\"lazy\" \/><\/div><\/div><div class=\"vc_item\"><div class=\"vc_inner\"><img decoding=\"async\" class=\"\" src=\"https:\/\/volkanakkoc.com\/wp-content\/uploads\/2024\/05\/8-300x460.png\" width=\"300\" height=\"460\" alt=\"8\" title=\"8\" loading=\"lazy\" \/><\/div><\/div><\/div><\/div><\/div><a class=\"vc_left vc_carousel-control\" href=\"#vc_images-carousel-1-1776515991\" data-slide=\"prev\"><span class=\"icon-prev\"><\/span><\/a><a class=\"vc_right vc_carousel-control\" href=\"#vc_images-carousel-1-1776515991\" data-slide=\"next\"><span class=\"icon-next\"><\/span><\/a><\/div><\/div><\/div><\/div><\/div><\/div><div class=\"wpb_column vc_column_container vc_col-sm-6\"><div class=\"vc_column-inner\"><div class=\"wpb_wrapper\"><div class=\"vc_separator wpb_content_element vc_separator_align_center vc_sep_width_100 vc_sep_pos_align_center vc_separator_no_text vc_sep_color_grey\" ><span class=\"vc_sep_holder vc_sep_holder_l\"><span class=\"vc_sep_line\"><\/span><\/span><span class=\"vc_sep_holder vc_sep_holder_r\"><span class=\"vc_sep_line\"><\/span><\/span>\n<\/div>\n\t<div class=\"wpb_text_column wpb_content_element \" >\n\t\t<div class=\"wpb_wrapper\">\n\t\t\t<h3>Volkan Akko\u00e7<\/h3>\n\n\t\t<\/div>\n\t<\/div>\n<div class=\"vc_separator wpb_content_element vc_separator_align_center vc_sep_width_100 vc_sep_pos_align_center vc_separator_no_text vc_sep_color_grey\" ><span class=\"vc_sep_holder vc_sep_holder_l\"><span class=\"vc_sep_line\"><\/span><\/span><span class=\"vc_sep_holder vc_sep_holder_r\"><span class=\"vc_sep_line\"><\/span><\/span>\n<\/div>\n\t<div class=\"wpb_text_column wpb_content_element \" >\n\t\t<div class=\"wpb_wrapper\">\n\t\t\t<p>FMV Ni\u015fanta\u015f\u0131 I\u015f\u0131k Lisesi\u2019nden 2002 y\u0131l\u0131nda mezun olduktan sonra 6 ya\u015f\u0131nda ba\u015flad\u0131\u011f\u0131 \u0130stanbul \u00dcniversitesi Devlet Konservatuvar\u0131 (\u0130\u00dcDK) yar\u0131 zamanl\u0131 Piyano B\u00f6l\u00fcm\u00fc\u2019n\u00fc ve Mimar Sinan G\u00fczel Sanatlar \u00dcniversitesi Tarih B\u00f6l\u00fcm\u00fc\u2019n\u00fc bitirmi\u015ftir. \u0130stanbul Teknik \u00dcniversitesi M\u00fczik \u0130leri Ara\u015ft\u0131rmalar Merkezi\u2019nde M\u00fczik Teorisi y\u00fcksek lisans\u0131na ba\u015flam\u0131\u015f, \u0130\u00dcDK Kompozisyon ve Orkestra \u015eefli\u011fi b\u00f6l\u00fcm\u00fcnde y\u00fcksek lisans ve sanatta yeterlilik \u00e7al\u0131\u015fmalar\u0131n\u0131 tamamlam\u0131\u015ft\u0131r.<\/p>\n\n\t\t<\/div>\n\t<\/div>\n<\/div><\/div><\/div><\/div>\n\t\t\t<!-- START Biyografi timeline REVOLUTION SLIDER 6.6.20 --><p class=\"rs-p-wp-fix\"><\/p>\n\t\t\t<rs-module-wrap id=\"rev_slider_4_1_wrapper\" data-source=\"gallery\" style=\"visibility:hidden;background:transparent;padding:0;margin:0px auto;margin-top:0;margin-bottom:0;\">\n\t\t\t\t<rs-module id=\"rev_slider_4_1\" style=\"\" data-version=\"6.6.20\">\n\t\t\t\t\t<rs-slides style=\"overflow: hidden; position: absolute;\">\n\t\t\t\t\t\t<rs-slide style=\"position: absolute;\" data-key=\"rs-5\" data-title=\"Slide\" data-anim=\"ms:10;\" data-in=\"o:1;\" data-out=\"a:false;\">\n\t\t\t\t\t\t\t<img decoding=\"async\" src=\"\/\/volkanakkoc.com\/wp-content\/plugins\/revslider\/public\/assets\/assets\/dummy.png\" alt=\"Slide\" title=\"Biyografi\" class=\"rev-slidebg tp-rs-img rs-lazyload\" data-lazyload=\"\/\/volkanakkoc.com\/wp-content\/plugins\/revslider\/public\/assets\/assets\/transparent.png\" data-no-retina>\n<!--\n\t\t\t\t\t\t\t--><rs-group\n\t\t\t\t\t\t\t\tid=\"slider-4-slide-5-layer-8\" \n\t\t\t\t\t\t\t\tdata-type=\"group\"\n\t\t\t\t\t\t\t\tdata-rsp_ch=\"on\"\n\t\t\t\t\t\t\t\tdata-xy=\"x:455px;y:25px;\"\n\t\t\t\t\t\t\t\tdata-text=\"w:normal;\"\n\t\t\t\t\t\t\t\tdata-dim=\"w:285px;h:100px;\"\n\t\t\t\t\t\t\t\tdata-frame_0=\"o:1;\"\n\t\t\t\t\t\t\t\tdata-frame_999=\"o:0;st:w;sA:9000;\"\n\t\t\t\t\t\t\t\tstyle=\"z-index:8;\"\n\t\t\t\t\t\t\t><!--\n\t\t\t\t\t\t\t\t--><rs-layer\n\t\t\t\t\t\t\t\t\tid=\"slider-4-slide-5-layer-11\" \n\t\t\t\t\t\t\t\t\tdata-type=\"text\"\n\t\t\t\t\t\t\t\t\tdata-color=\"#3f3f3f\"\n\t\t\t\t\t\t\t\t\tdata-rsp_ch=\"on\"\n\t\t\t\t\t\t\t\t\tdata-xy=\"x:27px;y:42px;\"\n\t\t\t\t\t\t\t\t\tdata-pos=\"a\"\n\t\t\t\t\t\t\t\t\tdata-text=\"w:normal;s:22;l:28;a:center;\"\n\t\t\t\t\t\t\t\t\tdata-dim=\"w:245;\"\n\t\t\t\t\t\t\t\t\tdata-frame_999=\"o:0;st:w;\"\n\t\t\t\t\t\t\t\t\tstyle=\"z-index:8;font-family:'Roboto';\"\n\t\t\t\t\t\t\t\t>Akademi Sirene Genel Sanat Y\u00f6netmeni ve \u015eefi \n\t\t\t\t\t\t\t\t<\/rs-layer><!--\n\n\t\t\t\t\t\t\t\t--><rs-layer\n\t\t\t\t\t\t\t\t\tid=\"slider-4-slide-5-layer-10\" \n\t\t\t\t\t\t\t\t\tdata-type=\"text\"\n\t\t\t\t\t\t\t\t\tdata-color=\"#3f3f3f\"\n\t\t\t\t\t\t\t\t\tdata-rsp_ch=\"on\"\n\t\t\t\t\t\t\t\t\tdata-xy=\"x:89px;\"\n\t\t\t\t\t\t\t\t\tdata-pos=\"a\"\n\t\t\t\t\t\t\t\t\tdata-text=\"w:normal;s:38;l:47;a:center;\"\n\t\t\t\t\t\t\t\t\tdata-frame_999=\"o:0;st:w;\"\n\t\t\t\t\t\t\t\t\tstyle=\"z-index:7;font-family:'Roboto';\"\n\t\t\t\t\t\t\t\t>2019 - \n\t\t\t\t\t\t\t\t<\/rs-layer><!--\n\n\t\t\t\t\t\t\t\t--><rs-layer\n\t\t\t\t\t\t\t\t\tid=\"slider-4-slide-5-layer-9\" \n\t\t\t\t\t\t\t\t\tdata-type=\"shape\"\n\t\t\t\t\t\t\t\t\tdata-rsp_ch=\"on\"\n\t\t\t\t\t\t\t\t\tdata-xy=\"x:-1;y:0;\"\n\t\t\t\t\t\t\t\t\tdata-pos=\"a\"\n\t\t\t\t\t\t\t\t\tdata-text=\"w:normal;\"\n\t\t\t\t\t\t\t\t\tdata-dim=\"w:284px;h:101px;\"\n\t\t\t\t\t\t\t\t\tdata-frame_999=\"o:0;st:w;\"\n\t\t\t\t\t\t\t\t\tstyle=\"z-index:6;background:linear-gradient(rgba(247,247,247,1) 0%, rgba(215,215,215,1) 100%);\"\n\t\t\t\t\t\t\t\t> \n\t\t\t\t\t\t\t\t<\/rs-layer><!--\n\t\t\t\t\t\t\t--><\/rs-group><!--\n\n\t\t\t\t\t\t\t--><rs-group\n\t\t\t\t\t\t\t\tid=\"slider-4-slide-5-layer-16\" \n\t\t\t\t\t\t\t\tdata-type=\"group\"\n\t\t\t\t\t\t\t\tdata-rsp_ch=\"on\"\n\t\t\t\t\t\t\t\tdata-xy=\"x:456px;y:170px;\"\n\t\t\t\t\t\t\t\tdata-pos=\"a\"\n\t\t\t\t\t\t\t\tdata-text=\"w:normal;\"\n\t\t\t\t\t\t\t\tdata-dim=\"w:285px;h:100px;\"\n\t\t\t\t\t\t\t\tdata-frame_0=\"o:1;\"\n\t\t\t\t\t\t\t\tdata-frame_999=\"o:0;st:w;sA:9000;\"\n\t\t\t\t\t\t\t\tstyle=\"z-index:10;\"\n\t\t\t\t\t\t\t><!--\n\t\t\t\t\t\t\t\t--><rs-layer\n\t\t\t\t\t\t\t\t\tid=\"slider-4-slide-5-layer-20\" \n\t\t\t\t\t\t\t\t\tdata-type=\"text\"\n\t\t\t\t\t\t\t\t\tdata-color=\"#3f3f3f\"\n\t\t\t\t\t\t\t\t\tdata-rsp_ch=\"on\"\n\t\t\t\t\t\t\t\t\tdata-xy=\"x:27px;y:42px;\"\n\t\t\t\t\t\t\t\t\tdata-pos=\"a\"\n\t\t\t\t\t\t\t\t\tdata-text=\"w:normal;s:22;l:28;a:center;\"\n\t\t\t\t\t\t\t\t\tdata-dim=\"w:245;\"\n\t\t\t\t\t\t\t\t\tdata-frame_999=\"o:0;st:w;\"\n\t\t\t\t\t\t\t\t\tstyle=\"z-index:8;font-family:'Roboto';\"\n\t\t\t\t\t\t\t\t>\u0130stanbul Devlet Opera ve Balesi Koro \u015eefi \n\t\t\t\t\t\t\t\t<\/rs-layer><!--\n\n\t\t\t\t\t\t\t\t--><rs-layer\n\t\t\t\t\t\t\t\t\tid=\"slider-4-slide-5-layer-18\" \n\t\t\t\t\t\t\t\t\tdata-type=\"text\"\n\t\t\t\t\t\t\t\t\tdata-color=\"#3f3f3f\"\n\t\t\t\t\t\t\t\t\tdata-rsp_ch=\"on\"\n\t\t\t\t\t\t\t\t\tdata-xy=\"x:89px;\"\n\t\t\t\t\t\t\t\t\tdata-pos=\"a\"\n\t\t\t\t\t\t\t\t\tdata-text=\"w:normal;s:38;l:47;a:center;\"\n\t\t\t\t\t\t\t\t\tdata-frame_999=\"o:0;st:w;\"\n\t\t\t\t\t\t\t\t\tstyle=\"z-index:7;font-family:'Roboto';\"\n\t\t\t\t\t\t\t\t>2019 - \n\t\t\t\t\t\t\t\t<\/rs-layer><!--\n\n\t\t\t\t\t\t\t\t--><rs-layer\n\t\t\t\t\t\t\t\t\tid=\"slider-4-slide-5-layer-17\" \n\t\t\t\t\t\t\t\t\tdata-type=\"shape\"\n\t\t\t\t\t\t\t\t\tdata-rsp_ch=\"on\"\n\t\t\t\t\t\t\t\t\tdata-xy=\"x:-1;y:0;\"\n\t\t\t\t\t\t\t\t\tdata-pos=\"a\"\n\t\t\t\t\t\t\t\t\tdata-text=\"w:normal;\"\n\t\t\t\t\t\t\t\t\tdata-dim=\"w:284px;h:101px;\"\n\t\t\t\t\t\t\t\t\tdata-frame_999=\"o:0;st:w;\"\n\t\t\t\t\t\t\t\t\tstyle=\"z-index:6;background:linear-gradient(rgba(247,247,247,1) 0%, rgba(215,215,215,1) 100%);\"\n\t\t\t\t\t\t\t\t> \n\t\t\t\t\t\t\t\t<\/rs-layer><!--\n\t\t\t\t\t\t\t--><\/rs-group><!--\n\n\t\t\t\t\t\t\t--><rs-group\n\t\t\t\t\t\t\t\tid=\"slider-4-slide-5-layer-21\" \n\t\t\t\t\t\t\t\tdata-type=\"group\"\n\t\t\t\t\t\t\t\tdata-rsp_ch=\"on\"\n\t\t\t\t\t\t\t\tdata-xy=\"x:75px;y:168px;\"\n\t\t\t\t\t\t\t\tdata-pos=\"a\"\n\t\t\t\t\t\t\t\tdata-text=\"w:normal;\"\n\t\t\t\t\t\t\t\tdata-dim=\"w:285px;h:100px;\"\n\t\t\t\t\t\t\t\tdata-frame_0=\"o:1;\"\n\t\t\t\t\t\t\t\tdata-frame_999=\"o:0;st:w;sA:9000;\"\n\t\t\t\t\t\t\t\tstyle=\"z-index:11;\"\n\t\t\t\t\t\t\t><!--\n\t\t\t\t\t\t\t\t--><rs-layer\n\t\t\t\t\t\t\t\t\tid=\"slider-4-slide-5-layer-24\" \n\t\t\t\t\t\t\t\t\tdata-type=\"text\"\n\t\t\t\t\t\t\t\t\tdata-color=\"#3f3f3f\"\n\t\t\t\t\t\t\t\t\tdata-rsp_ch=\"on\"\n\t\t\t\t\t\t\t\t\tdata-xy=\"x:27px;y:42px;\"\n\t\t\t\t\t\t\t\t\tdata-pos=\"a\"\n\t\t\t\t\t\t\t\t\tdata-text=\"w:normal;s:22;l:28;a:center;\"\n\t\t\t\t\t\t\t\t\tdata-dim=\"w:245;\"\n\t\t\t\t\t\t\t\t\tdata-frame_999=\"o:0;st:w;\"\n\t\t\t\t\t\t\t\t\tstyle=\"z-index:8;font-family:'Roboto';\"\n\t\t\t\t\t\t\t\t>Koro K\u00fclt\u00fcr\u00fc Derne\u011fi M\u00fczik Komisyonu \u00dcyesi \n\t\t\t\t\t\t\t\t<\/rs-layer><!--\n\n\t\t\t\t\t\t\t\t--><rs-layer\n\t\t\t\t\t\t\t\t\tid=\"slider-4-slide-5-layer-23\" \n\t\t\t\t\t\t\t\t\tdata-type=\"text\"\n\t\t\t\t\t\t\t\t\tdata-color=\"#3f3f3f\"\n\t\t\t\t\t\t\t\t\tdata-rsp_ch=\"on\"\n\t\t\t\t\t\t\t\t\tdata-xy=\"x:89px;\"\n\t\t\t\t\t\t\t\t\tdata-pos=\"a\"\n\t\t\t\t\t\t\t\t\tdata-text=\"w:normal;s:38;l:47;a:center;\"\n\t\t\t\t\t\t\t\t\tdata-frame_999=\"o:0;st:w;\"\n\t\t\t\t\t\t\t\t\tstyle=\"z-index:7;font-family:'Roboto';\"\n\t\t\t\t\t\t\t\t>2016 - \n\t\t\t\t\t\t\t\t<\/rs-layer><!--\n\n\t\t\t\t\t\t\t\t--><rs-layer\n\t\t\t\t\t\t\t\t\tid=\"slider-4-slide-5-layer-22\" \n\t\t\t\t\t\t\t\t\tdata-type=\"shape\"\n\t\t\t\t\t\t\t\t\tdata-rsp_ch=\"on\"\n\t\t\t\t\t\t\t\t\tdata-xy=\"x:-1;y:0;\"\n\t\t\t\t\t\t\t\t\tdata-pos=\"a\"\n\t\t\t\t\t\t\t\t\tdata-text=\"w:normal;\"\n\t\t\t\t\t\t\t\t\tdata-dim=\"w:284px;h:101px;\"\n\t\t\t\t\t\t\t\t\tdata-frame_999=\"o:0;st:w;\"\n\t\t\t\t\t\t\t\t\tstyle=\"z-index:6;background:linear-gradient(rgba(247,247,247,1) 0%, rgba(215,215,215,1) 100%);\"\n\t\t\t\t\t\t\t\t> \n\t\t\t\t\t\t\t\t<\/rs-layer><!--\n\t\t\t\t\t\t\t--><\/rs-group><!--\n\n\t\t\t\t\t\t\t--><rs-group\n\t\t\t\t\t\t\t\tid=\"slider-4-slide-5-layer-27\" \n\t\t\t\t\t\t\t\tdata-type=\"group\"\n\t\t\t\t\t\t\t\tdata-rsp_ch=\"on\"\n\t\t\t\t\t\t\t\tdata-xy=\"x:18px;y:26px;\"\n\t\t\t\t\t\t\t\tdata-pos=\"a\"\n\t\t\t\t\t\t\t\tdata-text=\"w:normal;\"\n\t\t\t\t\t\t\t\tdata-dim=\"w:285px;h:100px;\"\n\t\t\t\t\t\t\t\tdata-frame_0=\"o:1;\"\n\t\t\t\t\t\t\t\tdata-frame_999=\"o:0;st:w;sA:9000;\"\n\t\t\t\t\t\t\t\tstyle=\"z-index:12;\"\n\t\t\t\t\t\t\t><!--\n\t\t\t\t\t\t\t\t--><rs-layer\n\t\t\t\t\t\t\t\t\tid=\"slider-4-slide-5-layer-30\" \n\t\t\t\t\t\t\t\t\tdata-type=\"text\"\n\t\t\t\t\t\t\t\t\tdata-color=\"#3f3f3f\"\n\t\t\t\t\t\t\t\t\tdata-rsp_ch=\"on\"\n\t\t\t\t\t\t\t\t\tdata-xy=\"x:c;y:42px;\"\n\t\t\t\t\t\t\t\t\tdata-pos=\"a\"\n\t\t\t\t\t\t\t\t\tdata-text=\"w:normal;s:22;l:28;a:center;\"\n\t\t\t\t\t\t\t\t\tdata-dim=\"w:245;\"\n\t\t\t\t\t\t\t\t\tdata-frame_999=\"o:0;st:w;\"\n\t\t\t\t\t\t\t\t\tstyle=\"z-index:8;font-family:'Roboto';\"\n\t\t\t\t\t\t\t\t>Sirene Genel Sanat Y\u00f6netmeni ve \u015eefi \n\t\t\t\t\t\t\t\t<\/rs-layer><!--\n\n\t\t\t\t\t\t\t\t--><rs-layer\n\t\t\t\t\t\t\t\t\tid=\"slider-4-slide-5-layer-29\" \n\t\t\t\t\t\t\t\t\tdata-type=\"text\"\n\t\t\t\t\t\t\t\t\tdata-color=\"#3f3f3f\"\n\t\t\t\t\t\t\t\t\tdata-rsp_ch=\"on\"\n\t\t\t\t\t\t\t\t\tdata-xy=\"x:89px;\"\n\t\t\t\t\t\t\t\t\tdata-pos=\"a\"\n\t\t\t\t\t\t\t\t\tdata-text=\"w:normal;s:38;l:47;a:center;\"\n\t\t\t\t\t\t\t\t\tdata-frame_999=\"o:0;st:w;\"\n\t\t\t\t\t\t\t\t\tstyle=\"z-index:7;font-family:'Roboto';\"\n\t\t\t\t\t\t\t\t>2014 - \n\t\t\t\t\t\t\t\t<\/rs-layer><!--\n\n\t\t\t\t\t\t\t\t--><rs-layer\n\t\t\t\t\t\t\t\t\tid=\"slider-4-slide-5-layer-28\" \n\t\t\t\t\t\t\t\t\tdata-type=\"shape\"\n\t\t\t\t\t\t\t\t\tdata-rsp_ch=\"on\"\n\t\t\t\t\t\t\t\t\tdata-xy=\"x:-1;y:0;\"\n\t\t\t\t\t\t\t\t\tdata-pos=\"a\"\n\t\t\t\t\t\t\t\t\tdata-text=\"w:normal;\"\n\t\t\t\t\t\t\t\t\tdata-dim=\"w:284px;h:101px;\"\n\t\t\t\t\t\t\t\t\tdata-frame_999=\"o:0;st:w;\"\n\t\t\t\t\t\t\t\t\tstyle=\"z-index:6;background:linear-gradient(rgba(247,247,247,1) 0%, rgba(215,215,215,1) 100%);\"\n\t\t\t\t\t\t\t\t> \n\t\t\t\t\t\t\t\t<\/rs-layer><!--\n\t\t\t\t\t\t\t--><\/rs-group><!--\n\n\t\t\t\t\t\t\t--><rs-layer\n\t\t\t\t\t\t\t\tid=\"slider-4-slide-5-layer-19\" \n\t\t\t\t\t\t\t\tdata-type=\"object\"\n\t\t\t\t\t\t\t\tdata-rsp_ch=\"on\"\n\t\t\t\t\t\t\t\tdata-xy=\"x:50px;y:50px;\"\n\t\t\t\t\t\t\t\tdata-text=\"w:normal;\"\n\t\t\t\t\t\t\t\tdata-frame_999=\"o:0;st:w;\"\n\t\t\t\t\t\t\t\tstyle=\"z-index:9;font-family:'Roboto';\"\n\t\t\t\t\t\t\t> \n\t\t\t\t\t\t\t<\/rs-layer><!--\n\n\t\t\t\t\t\t\t--><rs-layer\n\t\t\t\t\t\t\t\tid=\"slider-4-slide-5-layer-26\" \n\t\t\t\t\t\t\t\tdata-type=\"image\"\n\t\t\t\t\t\t\t\tdata-rsp_ch=\"on\"\n\t\t\t\t\t\t\t\tdata-xy=\"x:2px;y:21px;\"\n\t\t\t\t\t\t\t\tdata-text=\"w:normal;\"\n\t\t\t\t\t\t\t\tdata-dim=\"w:759px;h:241px;\"\n\t\t\t\t\t\t\t\tdata-frame_999=\"o:0;st:w;\"\n\t\t\t\t\t\t\t\tstyle=\"z-index:6;\"\n\t\t\t\t\t\t\t><img decoding=\"async\" src=\"\/\/volkanakkoc.com\/wp-content\/plugins\/revslider\/public\/assets\/assets\/dummy.png\" alt=\"\" class=\"tp-rs-img rs-lazyload\" width=\"756\" height=\"240\" data-lazyload=\"\/\/volkanakkoc.com\/wp-content\/uploads\/2024\/04\/timeline-1.png\" data-no-retina> \n\t\t\t\t\t\t\t<\/rs-layer><!--\n-->\t\t\t\t\t\t<\/rs-slide>\n\t\t\t\t\t<\/rs-slides>\n\t\t\t\t<\/rs-module>\n\t\t\t\t<script>\n\t\t\t\t\tsetREVStartSize({c: 'rev_slider_4_1',rl:[1240,1024,778,480],el:[300],gw:[756],gh:[300],type:'standard',justify:'',layout:'fullwidth',mh:\"0\"});if (window.RS_MODULES!==undefined && window.RS_MODULES.modules!==undefined && window.RS_MODULES.modules[\"revslider41\"]!==undefined) {window.RS_MODULES.modules[\"revslider41\"].once = false;window.revapi4 = undefined;if (window.RS_MODULES.checkMinimal!==undefined) window.RS_MODULES.checkMinimal()}\n\t\t\t\t<\/script>\n\t\t\t<\/rs-module-wrap>\n\t\t\t<!-- END REVOLUTION SLIDER -->\n<div class=\"vc_empty_space\"   style=\"height: 45px\"><span class=\"vc_empty_space_inner\"><\/span><\/div>\n\t<div class=\"wpb_text_column wpb_content_element \" >\n\t\t<div class=\"wpb_wrapper\">\n\t\t\t<p>2014 y\u0131l\u0131ndan bu yana kurucu \u015fefi ve genel sanat y\u00f6netmeni oldu\u011fu T\u00fcrkiye\u2019nin ilk \u00e7oksesli kad\u0131n korosu Sirene ile, aralar\u0131nda 10. Uluslararas\u0131 Johannes Brahms Koro Yar\u0131\u015fmas\u0131\u2019nda Akko\u00e7\u2019un bestesi \u2018Bedava\u2019 y\u0131 seslendirerek kazand\u0131klar\u0131 \u2018outstanding performance in contemporary music\u2019 \u00f6d\u00fcl\u00fc de olmak \u00fczere bir\u00e7ok \u00f6nemli ba\u015far\u0131 elde etmi\u015ftir. Ayn\u0131 yar\u0131\u015fmada Akko\u00e7 \u2018en iyi \u015fef\u2019 \u00f6d\u00fcl\u00fcn\u00fc kazanm\u0131\u015ft\u0131r.<\/p>\n<p>2023 y\u0131l\u0131nda \u0130stanbul\u2019da d\u00fczenlenen 8. D\u00fcnya Koro Sempozyumu\u2019nda (WSCM 2023) geni\u015fletilmi\u015f programda bir seminer veren Akko\u00e7\u2019la beraber Sirene de \u015eeflik Ustal\u0131k S\u0131n\u0131f\u0131\u2019nda pilot koro olmu\u015f ve sempozyum dahilinde 3 konser vermi\u015ftir.<\/p>\n<p>2019 y\u0131l\u0131nda kad\u0131n korist yeti\u015ftirmek amac\u0131yla e\u011fitimi odak noktas\u0131na alan yeni bir kad\u0131nlar korosu olan Akademi Sirene\u2019yi kurmu\u015ftur. E\u011fitim program\u0131 i\u00e7erisinde m\u00fczik teorisi, solfej ve koro repertuvar\u0131 seanslar\u0131n\u0131 y\u00fcr\u00fctmektedir.<\/p>\n<p>Bestecilikte \u00f6zellikle koro m\u00fczi\u011fi ve vokal oda m\u00fczi\u011fi alan\u0131nda bir \u00e7ok eseri bulunan Akko\u00e7 2018 y\u0131l\u0131nda T.C. K\u00fclt\u00fcr Bakanl\u0131\u011f\u0131\u2019n\u0131n d\u00fczenledi\u011fi 2. \u00c7oksesli Koro Eseri Beste Yar\u0131\u015fmas\u0131\u2019nda Yunus Emre\u2019nin \u201cA\u015fk\u0131ndan Yanar Y\u00fcre\u011fim\u201d \u015fiiri \u00fczerine bestesi ile birincilik, 2019 y\u0131l\u0131nda ayn\u0131 yar\u0131\u015fmada Attila \u0130lhan\u2019\u0131n \u201cYa\u011fmur Gemileri\u201d\u015fiiri \u00fczerine bestesi ile \u00fc\u00e7\u00fcnc\u00fcl\u00fck \u00f6d\u00fcl\u00fcn\u00fc kazanm\u0131\u015ft\u0131r. Eserleri T\u00fcrkiye\u2019de Avrupa\u2019da ve Amerika\u2019da seslendirilmekte ve eser sipari\u015fleri almaktad\u0131r.<\/p>\n<p>\u0130stanbul \u00dcniversitesi Devlet Konservatuvar\u0131\u2019nda (2012-2019) ve MSGS\u00dc \u0130stanbul Devlet Konservatuvar\u0131\u2019nda (2018-22) Solfej, Armoni, Caz Teorisi ve Armonisi ve Koro dersleri vermi\u015ftir.<\/p>\n<p>2019 y\u0131l\u0131nda bu yana \u0130stanbul Devlet Opera ve Balesi\u2019nin koro \u015fefidir. Bu g\u00fcne kadar Fidelio (L.v. Beethoven), Don Giovanni (W. A. Mozart), Saraydan K\u0131z Ka\u00e7\u0131ma (W. A. Mozart), A\u015fk \u0130ksiri (G. Donizetti), Madame Butterfly (G. Puccini), Sinan (H. U\u00e7arsu) ve U\u00e7an Hollandal\u0131 (R. Wagner) gibi operalar\u0131n yan\u0131 s\u0131ra Messa da Requiem (G. Verdi), Requiem (W.A. Mozart), Requiem (G. Faure), 9. Senfoni ve Korolu Fantazi (L.v. Beethoven), Noel Oratoryosu (C. Saint-Sa\u00ebns), Yunus Emre Oratoryosu (A.A. Saygun) Atat\u00fcrk Oratoryosu, Cumhuriyet Kantat\u0131 (N. Kodall\u0131), U\u011fur Mumcu Kantat\u0131, Dar\u00fc\u015f\u015fafaka Kantat\u0131, T\u00fcrkiye Rapsodik Kantat\u0131 (T. Erdener) gibi senfonik korolu eserlerin koro \u015fefli\u011fini yapm\u0131\u015ft\u0131r.<\/p>\n<p>Koro \u015fefli\u011fi alan\u0131nda Volker Hempfling, Denes Szabo, Frieder Bernius, Georg Gr\u00fcn ve Ragnar Rasmussen gibi bir\u00e7ok \u00f6nemli \u015fefin ustal\u0131k s\u0131n\u0131flar\u0131na aktif olarak kat\u0131lm\u0131\u015ft\u0131r. Emin G\u00fcven Ya\u015fl\u0131\u00e7am ile orkestra \u015fefli\u011fi \u00e7al\u0131\u015fm\u0131\u015ft\u0131r.<\/p>\n<p>2000 y\u0131l\u0131ndan bu yana \u0130ngiliz tiyatro yazar\u0131 Peter Shaffer\u2019\u0131n oyunu \u201cAmadeus\u201d un m\u00fczikal direkt\u00f6rl\u00fc\u011f\u00fcn\u00fc y\u00fcr\u00fctmektedir.<\/p>\n<p>Koro K\u00fclt\u00fcr\u00fc Derne\u011fi M\u00fczik Komisyonu \u00dcyesi olan Akko\u00e7 konuk \u015fef ve j\u00fcri \u00fcyesi olarak bir \u00e7ok davet almakta ve \u015feflik ve bestecilik \u00fczerine seminerler vermektedir. TRT Gen\u00e7lik Korosu, Cemal Re\u015fit Rey Korosu ve Devlet \u00c7oksesli Korosu gibi korolarla \u00e7al\u0131\u015fm\u0131\u015f, 2021 y\u0131l\u0131nda Bel\u00e7ika\u2019da d\u00fczenlenen D\u00fcnya Koro Olimpiyatlar\u0131\u2019na ve 2023 y\u0131l\u0131nda \u0130sve\u00e7\u2019te d\u00fczenlenen Avrupa Koro Olimpiyatlar\u0131\u2019na T\u00fcrkiye\u2019den j\u00fcri olarak davet edilmi\u015ftir.<\/p>\n\n\t\t<\/div>\n\t<\/div>\n<\/div><\/div><\/div><div class=\"wpb_column vc_column_container vc_col-sm-4\"><div class=\"vc_column-inner\"><div class=\"wpb_wrapper\"><div class=\"vc_empty_space\"   style=\"height: 32px\"><span class=\"vc_empty_space_inner\"><\/span><\/div>\n\t<div class=\"wpb_text_column wpb_content_element  vc_custom_1713119179690\" >\n\t\t<div class=\"wpb_wrapper\">\n\t\t\t<h4>ETK\u0130NL\u0130KLER<\/h4>\n\n\t\t<\/div>\n\t<\/div>\n<div class=\"vc_separator wpb_content_element vc_separator_align_center vc_sep_width_100 vc_sep_pos_align_center vc_separator_no_text vc_sep_color_grey\" ><span class=\"vc_sep_holder vc_sep_holder_l\"><span class=\"vc_sep_line\"><\/span><\/span><span class=\"vc_sep_holder vc_sep_holder_r\"><span class=\"vc_sep_line\"><\/span><\/span>\n<\/div><div id=\"ect-no-events\"><p>There are no upcoming events at this time<\/p><\/div><\/div><\/div><\/div><\/div>\n<\/div>","protected":false},"excerpt":{"rendered":"Volkan Akko\u00e7 FMV Ni\u015fanta\u015f\u0131 I\u015f\u0131k Lisesi\u2019nden 2002 y\u0131l\u0131nda mezun olduktan sonra 6 ya\u015f\u0131nda ba\u015flad\u0131\u011f\u0131 \u0130stanbul \u00dcniversitesi Devlet Konservatuvar\u0131 (\u0130\u00dcDK) yar\u0131 zamanl\u0131 Piyano B\u00f6l\u00fcm\u00fc\u2019n\u00fc ve Mimar Sinan G\u00fczel Sanatlar \u00dcniversitesi Tarih<a href=\"https:\/\/volkanakkoc.com\/en\/biyografi\/\" rel=\"bookmark\">Read More &raquo;<span class=\"screen-reader-text\">Biography<\/span><\/a>","protected":false},"author":1,"featured_media":0,"parent":0,"menu_order":0,"comment_status":"closed","ping_status":"closed","template":"","meta":{"_monsterinsights_skip_tracking":false,"_monsterinsights_sitenote_active":false,"_monsterinsights_sitenote_note":"","_monsterinsights_sitenote_category":0,"neve_meta_sidebar":"","neve_meta_container":"","neve_meta_enable_content_width":"on","neve_meta_content_width":100,"neve_meta_title_alignment":"","neve_meta_author_avatar":"","neve_post_elements_order":"","neve_meta_disable_header":"","neve_meta_disable_footer":"","neve_meta_disable_title":"on","_EventAllDay":false,"_EventTimezone":"","_EventStartDate":"","_EventEndDate":"","_EventStartDateUTC":"","_EventEndDateUTC":"","_EventShowMap":false,"_EventShowMapLink":false,"_EventURL":"","_EventCost":"","_EventCostDescription":"","_EventCurrencySymbol":"","_EventCurrencyCode":"","_EventCurrencyPosition":"","_EventDateTimeSeparator":"","_EventTimeRangeSeparator":"","_EventOrganizerID":[],"_EventVenueID":[],"_OrganizerEmail":"","_OrganizerPhone":"","_OrganizerWebsite":"","_VenueAddress":"","_VenueCity":"","_VenueCountry":"","_VenueProvince":"","_VenueState":"","_VenueZip":"","_VenuePhone":"","_VenueURL":"","_VenueStateProvince":"","_VenueLat":"","_VenueLng":"","_VenueShowMap":false,"_VenueShowMapLink":false,"footnotes":""},"class_list":["post-61","page","type-page","status-publish","hentry"],"aioseo_notices":[],"_links":{"self":[{"href":"https:\/\/volkanakkoc.com\/en\/wp-json\/wp\/v2\/pages\/61","targetHints":{"allow":["GET"]}}],"collection":[{"href":"https:\/\/volkanakkoc.com\/en\/wp-json\/wp\/v2\/pages"}],"about":[{"href":"https:\/\/volkanakkoc.com\/en\/wp-json\/wp\/v2\/types\/page"}],"author":[{"embeddable":true,"href":"https:\/\/volkanakkoc.com\/en\/wp-json\/wp\/v2\/users\/1"}],"replies":[{"embeddable":true,"href":"https:\/\/volkanakkoc.com\/en\/wp-json\/wp\/v2\/comments?post=61"}],"version-history":[{"count":60,"href":"https:\/\/volkanakkoc.com\/en\/wp-json\/wp\/v2\/pages\/61\/revisions"}],"predecessor-version":[{"id":3793,"href":"https:\/\/volkanakkoc.com\/en\/wp-json\/wp\/v2\/pages\/61\/revisions\/3793"}],"wp:attachment":[{"href":"https:\/\/volkanakkoc.com\/en\/wp-json\/wp\/v2\/media?parent=61"}],"curies":[{"name":"wp","href":"https:\/\/api.w.org\/{rel}","templated":true}]}}